{"id":96,"date":"2024-05-24T03:59:06","date_gmt":"2024-05-24T03:59:06","guid":{"rendered":"https:\/\/top200apps.com\/?page_id=96"},"modified":"2026-02-05T15:16:58","modified_gmt":"2026-02-05T15:16:58","slug":"about","status":"publish","type":"page","link":"https:\/\/top200apps.com\/it\/about\/","title":{"rendered":"SU"},"content":{"rendered":"<p>Nodo <strong><strong><a href=\"https:\/\/top200apps.com\/it\/\">Le 200 migliori app<\/a><\/strong> <\/strong>Crediamo che orientarsi nel mondo delle app e degli strumenti digitali debba essere semplice, consapevole e trasformativo. La nostra piattaforma si propone come fonte affidabile per scoprire applicazioni mobile, comprendere le tendenze tecnologiche emergenti ed esplorare come le soluzioni digitali possano migliorare la vita di tutti i giorni.<\/p>\n\n\n\n<p>Se stai cercando la prossima app per la produttivit\u00e0, sei curioso di sapere come l&#039;IA sta cambiando i nostri dispositivi o vuoi semplicemente rimanere aggiornato sulle tendenze degli app store, <strong><strong><strong>Le 200 migliori app<\/strong><\/strong><\/strong> \u00c8 il tuo compagno nell&#039;era digitale.<\/p>\n\n\n\n<p><strong>Il nostro ruolo \u00e8 chiaro:<\/strong> Non siamo sviluppatori, non abbiamo alcuna affiliazione con marchi e non distribuiamo file. Il nostro ruolo \u00e8... <strong>informare, guidare e guarire<\/strong> Contenuti tecnologici che ti aiutano a prendere decisioni intelligenti e sicure.<\/p>\n\n\n\n<h3 class=\"wp-block-heading\">La nostra missione<\/h3>\n\n\n\n<p>La missione di <strong><strong>Le 200 migliori app<\/strong><\/strong> Il nostro obiettivo \u00e8 semplificare l&#039;esperienza digitale. Miriamo a fornire ai lettori informazioni affidabili e imparziali sull&#039;ecosistema tecnologico in continua evoluzione, con particolare attenzione a... <strong>Applicazioni mobili, piattaforme di gioco come Roblox e strumenti digitali emergenti.<\/strong><\/p>\n\n\n\n<p>Le app influenzano ogni aspetto della nostra vita: da come comunichiamo e lavoriamo a come impariamo e monitoriamo la nostra salute. Con migliaia di nuove app rilasciate ogni mese, il nostro compito \u00e8 quello di distinguere gli strumenti di qualit\u00e0 dall&#039;eccesso di informazioni.<\/p>\n\n\n\n<p>Ci concentriamo su tre pilastri fondamentali:<\/p>\n\n\n\n<ul>\n<li><strong>Chiarezza:<\/strong> Spieghiamo i concetti digitali in un linguaggio semplice, in modo che chiunque possa comprenderli, indipendentemente dal proprio livello di conoscenza tecnica.<\/li>\n\n\n\n<li><strong>Utilit\u00e0:<\/strong> Le nostre guide si basano sul valore pratico. Mettiamo in evidenza gli strumenti che risolvono problemi reali e consentono di risparmiare tempo.<\/li>\n\n\n\n<li><strong>Trasparenza:<\/strong> Non accettiamo mai pagamenti dagli sviluppatori per le recensioni. I nostri contenuti sono indipendenti e basati su ricerche editoriali.<\/li>\n<\/ul>\n\n\n\n<h3 class=\"wp-block-heading\">Cosa troverai qui<\/h3>\n\n\n\n<p>I nostri contenuti sono pensati per utenti di tutti i profili e offrono guide dettagliate su una vasta gamma di argomenti:<\/p>\n\n\n\n<p><strong>\ud83d\udcf1 Consigli e confronti tra app<\/strong> Testiamo e analizziamo app per la produttivit\u00e0, l&#039;editing, la sicurezza e il benessere. I nostri elenchi vengono aggiornati regolarmente per riflettere le nuove versioni e il feedback degli utenti, concentrandoci sempre su usabilit\u00e0 e compatibilit\u00e0 (Android\/iOS).<\/p>\n\n\n\n<p><strong>\u2699\ufe0f Guide passo passo e consigli digitali<\/strong> Offriamo tutorial dettagliati per aiutarti ad acquisire maggiore sicurezza con la tecnologia. Dalla gestione dell&#039;archiviazione cloud all&#039;ottimizzazione del dispositivo, trattiamo ogni aspetto con istruzioni chiare. Poniamo particolare enfasi su... <strong>sicurezza digitale<\/strong>, come ad esempio i controlli parentali e la protezione dei dati.<\/p>\n\n\n\n<p><strong>\ud83d\udd0d Approfondimenti sulle tendenze tecnologiche<\/strong> Monitoriamo le tendenze future, dall&#039;intelligenza artificiale personalizzata sui dispositivi alle innovazioni in materia di privacy. Trasformiamo le tendenze del momento in impatti concreti sulla tua vita quotidiana.<\/p>\n\n\n\n<p><strong>\ud83c\udfae Guide al mondo dei videogiochi e a Roblox<\/strong> Ci addentriamo negli ecosistemi pi\u00f9 popolari, con particolare attenzione a <strong>Roblox<\/strong>Aiutiamo giocatori e genitori a comprendere le meccaniche di gioco, le impostazioni di sicurezza e gli aggiornamenti della piattaforma, garantendo un ambiente di gioco sicuro per le famiglie.<\/p>\n\n\n\n<h3 class=\"wp-block-heading\">\u26a0\ufe0f Trasparenza e limitazioni<\/h3>\n\n\n\n<p>Per mantenere un rapporto di fiducia, siamo chiari con i nostri lettori:<\/p>\n\n\n\n<ul>\n<li>IL <strong>Le 200 migliori app<\/strong> Non sviluppa n\u00e9 possiede nessuna delle app menzionate.<\/li>\n\n\n\n<li>Non garantiamo che le app elencate rimarranno disponibili o che gli sviluppatori le modificheranno.<\/li>\n\n\n\n<li>I nostri consigli sono riflessioni editoriali, non approvazioni commerciali.<\/li>\n\n\n\n<li><strong>Nessun supporto tecnico:<\/strong> Siamo una risorsa informativa. Non forniamo supporto tecnico, recupero account o risoluzione di problemi relativi ad applicazioni, hardware o download di terze parti.<\/li>\n<\/ul>\n\n\n\n<h3 class=\"wp-block-heading\">Il nostro approccio<\/h3>\n\n\n\n<p>Operiamo in modo indipendente e con un profondo impegno nei confronti della fiducia degli utenti. Il nostro team conduce ricerche approfondite e monitora i cambiamenti importanti per garantire che i nostri contenuti rimangano pertinenti.<\/p>\n\n\n\n<p>Nel profondo, il <strong><strong><strong>Le 200 migliori app<\/strong><\/strong><\/strong> si occupa di <strong>formazione<\/strong>Vogliamo che tu abbia la sensazione di avere il controllo dei tuoi strumenti digitali, senza confusione o inganni. Che tu stia scaricando la tua prima app per l&#039;organizzazione o esplorando le integrazioni per la casa intelligente, siamo qui per aiutarti a scoprire e sfruttare al meglio la tua esperienza tecnologica.<\/p>","protected":false},"excerpt":{"rendered":"<p>No Top200Apps , acreditamos que navegar no mundo dos aplicativos e ferramentas digitais deve ser algo simples, informado e transformador. Nossa plataforma serve como uma fonte confi\u00e1vel para descobrir aplicativos m\u00f3veis, entender tend\u00eancias tecnol\u00f3gicas emergentes e explorar como as solu\u00e7\u00f5es digitais podem melhorar a vida cotidiana. Se voc\u00ea est\u00e1 em busca do pr\u00f3ximo app de&hellip;&nbsp;<a href=\"https:\/\/top200apps.com\/it\/about\/\" class=\"\" rel=\"bookmark\">Read More &raquo;<span class=\"screen-reader-text\">SU<\/span><\/a><\/p>","protected":false},"author":26,"featured_media":0,"parent":0,"menu_order":0,"comment_status":"closed","ping_status":"closed","template":"","meta":{"neve_meta_sidebar":"","neve_meta_container":"","neve_meta_enable_content_width":"","neve_meta_content_width":0,"neve_meta_title_alignment":"","neve_meta_author_avatar":"","neve_post_elements_order":"","neve_meta_disable_header":"","neve_meta_disable_footer":"","neve_meta_disable_title":"","footnotes":""},"yoast_head":"<!-- This site is optimized with the Yoast SEO Premium plugin v18.7 (Yoast SEO v23.3) - https:\/\/yoast.com\/wordpress\/plugins\/seo\/ -->\n<title>Sobre - Top200Apps<\/title>\n<meta name=\"robots\" content=\"index, follow, max-snippet:-1, max-image-preview:large, max-video-preview:-1\" \/>\n<link rel=\"canonical\" href=\"https:\/\/top200apps.com\/it\/about\/\" \/>\n<meta property=\"og:locale\" content=\"it_IT\" \/>\n<meta property=\"og:type\" content=\"article\" \/>\n<meta property=\"og:title\" content=\"Sobre\" \/>\n<meta property=\"og:description\" content=\"No Top200Apps , acreditamos que navegar no mundo dos aplicativos e ferramentas digitais deve ser algo simples, informado e transformador. Nossa plataforma serve como uma fonte confi\u00e1vel para descobrir aplicativos m\u00f3veis, entender tend\u00eancias tecnol\u00f3gicas emergentes e explorar como as solu\u00e7\u00f5es digitais podem melhorar a vida cotidiana. Se voc\u00ea est\u00e1 em busca do pr\u00f3ximo app de&hellip;&nbsp;Read More &raquo;Sobre\" \/>\n<meta property=\"og:url\" content=\"https:\/\/top200apps.com\/it\/about\/\" \/>\n<meta property=\"og:site_name\" content=\"Top200Apps\" \/>\n<meta property=\"article:modified_time\" content=\"2026-02-05T15:16:58+00:00\" \/>\n<meta name=\"twitter:card\" content=\"summary_large_image\" \/>\n<meta name=\"twitter:label1\" content=\"Est. reading time\" \/>\n\t<meta name=\"twitter:data1\" content=\"4 minuti\" \/>\n<script type=\"application\/ld+json\" class=\"yoast-schema-graph\">{\"@context\":\"https:\/\/schema.org\",\"@graph\":[{\"@type\":\"WebPage\",\"@id\":\"https:\/\/top200apps.com\/about\/\",\"url\":\"https:\/\/top200apps.com\/about\/\",\"name\":\"Sobre - Top200Apps\",\"isPartOf\":{\"@id\":\"https:\/\/top200apps.com\/#website\"},\"datePublished\":\"2024-05-24T03:59:06+00:00\",\"dateModified\":\"2026-02-05T15:16:58+00:00\",\"breadcrumb\":{\"@id\":\"https:\/\/top200apps.com\/about\/#breadcrumb\"},\"inLanguage\":\"it-IT\",\"potentialAction\":[{\"@type\":\"ReadAction\",\"target\":[\"https:\/\/top200apps.com\/about\/\"]}]},{\"@type\":\"BreadcrumbList\",\"@id\":\"https:\/\/top200apps.com\/about\/#breadcrumb\",\"itemListElement\":[{\"@type\":\"ListItem\",\"position\":1,\"name\":\"Home\",\"item\":\"https:\/\/top200apps.com\/\"},{\"@type\":\"ListItem\",\"position\":2,\"name\":\"Sobre\"}]},{\"@type\":\"WebSite\",\"@id\":\"https:\/\/top200apps.com\/#website\",\"url\":\"https:\/\/top200apps.com\/\",\"name\":\"Top200Apps\",\"description\":\"Seu guia dos melhores apps!\",\"potentialAction\":[{\"@type\":\"SearchAction\",\"target\":{\"@type\":\"EntryPoint\",\"urlTemplate\":\"https:\/\/top200apps.com\/?s={search_term_string}\"},\"query-input\":\"required name=search_term_string\"}],\"inLanguage\":\"it-IT\"}]}<\/script>\n<!-- \/ Yoast SEO Premium plugin. -->","yoast_head_json":{"title":"Sobre - Top200Apps","robots":{"index":"index","follow":"follow","max-snippet":"max-snippet:-1","max-image-preview":"max-image-preview:large","max-video-preview":"max-video-preview:-1"},"canonical":"https:\/\/top200apps.com\/it\/about\/","og_locale":"it_IT","og_type":"article","og_title":"Sobre","og_description":"No Top200Apps , acreditamos que navegar no mundo dos aplicativos e ferramentas digitais deve ser algo simples, informado e transformador. Nossa plataforma serve como uma fonte confi\u00e1vel para descobrir aplicativos m\u00f3veis, entender tend\u00eancias tecnol\u00f3gicas emergentes e explorar como as solu\u00e7\u00f5es digitais podem melhorar a vida cotidiana. Se voc\u00ea est\u00e1 em busca do pr\u00f3ximo app de&hellip;&nbsp;Read More &raquo;Sobre","og_url":"https:\/\/top200apps.com\/it\/about\/","og_site_name":"Top200Apps","article_modified_time":"2026-02-05T15:16:58+00:00","twitter_card":"summary_large_image","twitter_misc":{"Est. reading time":"4 minuti"},"schema":{"@context":"https:\/\/schema.org","@graph":[{"@type":"WebPage","@id":"https:\/\/top200apps.com\/about\/","url":"https:\/\/top200apps.com\/about\/","name":"Sobre - Top200Apps","isPartOf":{"@id":"https:\/\/top200apps.com\/#website"},"datePublished":"2024-05-24T03:59:06+00:00","dateModified":"2026-02-05T15:16:58+00:00","breadcrumb":{"@id":"https:\/\/top200apps.com\/about\/#breadcrumb"},"inLanguage":"it-IT","potentialAction":[{"@type":"ReadAction","target":["https:\/\/top200apps.com\/about\/"]}]},{"@type":"BreadcrumbList","@id":"https:\/\/top200apps.com\/about\/#breadcrumb","itemListElement":[{"@type":"ListItem","position":1,"name":"Home","item":"https:\/\/top200apps.com\/"},{"@type":"ListItem","position":2,"name":"Sobre"}]},{"@type":"WebSite","@id":"https:\/\/top200apps.com\/#website","url":"https:\/\/top200apps.com\/","name":"Top200Apps","description":"Seu guia dos melhores apps!","potentialAction":[{"@type":"SearchAction","target":{"@type":"EntryPoint","urlTemplate":"https:\/\/top200apps.com\/?s={search_term_string}"},"query-input":"required name=search_term_string"}],"inLanguage":"it-IT"}]}},"_links":{"self":[{"href":"https:\/\/top200apps.com\/it\/wp-json\/wp\/v2\/pages\/96"}],"collection":[{"href":"https:\/\/top200apps.com\/it\/wp-json\/wp\/v2\/pages"}],"about":[{"href":"https:\/\/top200apps.com\/it\/wp-json\/wp\/v2\/types\/page"}],"author":[{"embeddable":true,"href":"https:\/\/top200apps.com\/it\/wp-json\/wp\/v2\/users\/26"}],"replies":[{"embeddable":true,"href":"https:\/\/top200apps.com\/it\/wp-json\/wp\/v2\/comments?post=96"}],"version-history":[{"count":5,"href":"https:\/\/top200apps.com\/it\/wp-json\/wp\/v2\/pages\/96\/revisions"}],"predecessor-version":[{"id":6401,"href":"https:\/\/top200apps.com\/it\/wp-json\/wp\/v2\/pages\/96\/revisions\/6401"}],"wp:attachment":[{"href":"https:\/\/top200apps.com\/it\/wp-json\/wp\/v2\/media?parent=96"}],"curies":[{"name":"wp","href":"https:\/\/api.w.org\/{rel}","templated":true}]}}