{"id":96,"date":"2024-05-24T03:59:06","date_gmt":"2024-05-24T03:59:06","guid":{"rendered":"https:\/\/top200apps.com\/?page_id=96"},"modified":"2026-02-05T15:16:58","modified_gmt":"2026-02-05T15:16:58","slug":"about","status":"publish","type":"page","link":"https:\/\/top200apps.com\/es\/about\/","title":{"rendered":"En"},"content":{"rendered":"<p>Nodo <strong><strong><a href=\"https:\/\/top200apps.com\/es\/\">Las 200 mejores aplicaciones<\/a><\/strong> <\/strong>Creemos que navegar por el mundo de las aplicaciones y las herramientas digitales debe ser sencillo, informado y transformador. Nuestra plataforma es una fuente confiable para descubrir aplicaciones m\u00f3viles, comprender las tendencias tecnol\u00f3gicas emergentes y explorar c\u00f3mo las soluciones digitales pueden mejorar la vida cotidiana.<\/p>\n\n\n\n<p>Si est\u00e1 buscando la pr\u00f3xima aplicaci\u00f3n de productividad, tiene curiosidad sobre c\u00f3mo la IA est\u00e1 cambiando nuestros dispositivos o simplemente desea mantenerse actualizado sobre las tendencias en las tiendas de aplicaciones, <strong><strong><strong>Las 200 mejores aplicaciones<\/strong><\/strong><\/strong> Es tu compa\u00f1ero en la era digital.<\/p>\n\n\n\n<p><strong>Nuestro papel es claro:<\/strong> No somos desarrolladores, no tenemos afiliaci\u00f3n con ninguna marca y no distribuimos archivos. Nuestra funci\u00f3n es... <strong>Informar, guiar y sanar<\/strong> Contenido tecnol\u00f3gico para que puedas tomar decisiones inteligentes y seguras.<\/p>\n\n\n\n<h3 class=\"wp-block-heading\">Nuestra misi\u00f3n<\/h3>\n\n\n\n<p>La misi\u00f3n de <strong><strong>Las 200 mejores aplicaciones<\/strong><\/strong> Nuestro objetivo es simplificar la experiencia digital. Buscamos ofrecer a los lectores informaci\u00f3n fiable e imparcial sobre el ecosistema tecnol\u00f3gico en constante evoluci\u00f3n, con especial atenci\u00f3n a... <strong>Aplicaciones m\u00f3viles, plataformas de juegos como Roblox y herramientas digitales emergentes.<\/strong><\/p>\n\n\n\n<p>Las aplicaciones influyen en todos los aspectos de nuestra vida: desde c\u00f3mo nos comunicamos y trabajamos hasta c\u00f3mo aprendemos y monitoreamos nuestra salud. Con miles de nuevos lanzamientos cada mes, nuestra labor consiste en distinguir las herramientas de calidad de la sobrecarga de informaci\u00f3n.<\/p>\n\n\n\n<p>Nos centramos en tres pilares fundamentales:<\/p>\n\n\n\n<ul>\n<li><strong>Claridad:<\/strong> Explicamos conceptos digitales en un lenguaje sencillo, para que cualquier persona pueda entenderlos, independientemente de su nivel de conocimientos t\u00e9cnicos.<\/li>\n\n\n\n<li><strong>Utilidad:<\/strong> Nuestras gu\u00edas se basan en el valor pr\u00e1ctico. Destacamos herramientas que resuelven problemas reales y ahorran tiempo.<\/li>\n\n\n\n<li><strong>Transparencia:<\/strong> Nunca aceptamos pagos de desarrolladores por rese\u00f1as. Nuestro contenido es independiente y se basa en investigaci\u00f3n editorial.<\/li>\n<\/ul>\n\n\n\n<h3 class=\"wp-block-heading\">Lo que encontrar\u00e1s aqu\u00ed<\/h3>\n\n\n\n<p>Nuestro contenido est\u00e1 dise\u00f1ado para usuarios de todos los perfiles, ofreciendo orientaci\u00f3n detallada sobre una amplia gama de temas:<\/p>\n\n\n\n<p><strong>\ud83d\udcf1 Recomendaciones y comparaciones de aplicaciones<\/strong> Probamos e investigamos aplicaciones de productividad, edici\u00f3n, seguridad y bienestar. Nuestras listas se actualizan peri\u00f3dicamente para reflejar las nuevas actualizaciones y las opiniones de los usuarios, priorizando siempre la usabilidad y la compatibilidad (Android\/iOS).<\/p>\n\n\n\n<p><strong>\u2699\ufe0f Gu\u00edas paso a paso y consejos digitales<\/strong> Ofrecemos tutoriales detallados para que te sientas m\u00e1s seguro con la tecnolog\u00eda. Desde la gesti\u00f3n del almacenamiento en la nube hasta la optimizaci\u00f3n de tu dispositivo, lo cubrimos todo con instrucciones claras. Ponemos especial \u00e9nfasis en... <strong>seguridad digital<\/strong>, como los controles parentales y la protecci\u00f3n de datos.<\/p>\n\n\n\n<p><strong>\ud83d\udd0d Perspectivas sobre las tendencias tecnol\u00f3gicas<\/strong> Nos mantenemos al d\u00eda con las novedades, desde la IA personalizada en dispositivos hasta las innovaciones en privacidad. Traducimos el revuelo actual en impactos reales para tu vida diaria.<\/p>\n\n\n\n<p><strong>Gu\u00edas de Roblox y Gaming World<\/strong> Nos adentramos en los ecosistemas populares, con especial atenci\u00f3n a <strong>Roblox<\/strong>Ayudamos a los jugadores y padres a comprender la mec\u00e1nica del juego, la configuraci\u00f3n de seguridad y las actualizaciones de la plataforma, garantizando un entorno de juego seguro para las familias.<\/p>\n\n\n\n<h3 class=\"wp-block-heading\">\u26a0\ufe0f Transparencia y limitaciones<\/h3>\n\n\n\n<p>Para mantener una relaci\u00f3n de confianza, somos claros con nuestros lectores:<\/p>\n\n\n\n<ul>\n<li>EL <strong>Las 200 mejores aplicaciones<\/strong> No desarrolla ni posee ninguna de las aplicaciones mencionadas.<\/li>\n\n\n\n<li>No garantizamos que las aplicaciones enumeradas permanecer\u00e1n disponibles o sin cambios por parte de los desarrolladores.<\/li>\n\n\n\n<li>Nuestras recomendaciones son opiniones editoriales y no respaldos comerciales.<\/li>\n\n\n\n<li><strong>Sin soporte t\u00e9cnico:<\/strong> Somos un recurso informativo. No ofrecemos soporte t\u00e9cnico, recuperaci\u00f3n de cuentas ni soluci\u00f3n de problemas con aplicaciones, hardware o descargas de terceros.<\/li>\n<\/ul>\n\n\n\n<h3 class=\"wp-block-heading\">Nuestro enfoque<\/h3>\n\n\n\n<p>Operamos de forma independiente y con un profundo compromiso con la confianza del usuario. Nuestro equipo realiza investigaciones exhaustivas y monitorea los cambios importantes para garantizar que nuestro contenido siga siendo relevante.<\/p>\n\n\n\n<p>En el fondo, el <strong><strong><strong>Las 200 mejores aplicaciones<\/strong><\/strong><\/strong> Se trata de <strong>capacitaci\u00f3n<\/strong>Queremos que sientas que tienes el control de tus herramientas digitales, sin confusiones ni enga\u00f1os. Ya sea que est\u00e9s descargando tu primera app para tu organizaci\u00f3n o explorando integraciones con el hogar inteligente, estamos aqu\u00ed para ayudarte a explorar y aprovechar al m\u00e1ximo tu experiencia tecnol\u00f3gica.<\/p>","protected":false},"excerpt":{"rendered":"<p>En Top200Apps, creemos que navegar por el mundo de las aplicaciones y herramientas digitales debe ser sencillo, informado y transformador. Nuestra plataforma es una fuente confiable para descubrir aplicaciones m\u00f3viles, comprender las tendencias tecnol\u00f3gicas emergentes y explorar c\u00f3mo las soluciones digitales pueden mejorar la vida cotidiana. Si buscas la pr\u00f3xima aplicaci\u00f3n de\u2026&nbsp;<a href=\"https:\/\/top200apps.com\/es\/about\/\" class=\"\" rel=\"bookmark\">Leer m\u00e1s &quot;<span class=\"screen-reader-text\">En<\/span><\/a><\/p>","protected":false},"author":26,"featured_media":0,"parent":0,"menu_order":0,"comment_status":"closed","ping_status":"closed","template":"","meta":{"neve_meta_sidebar":"","neve_meta_container":"","neve_meta_enable_content_width":"","neve_meta_content_width":0,"neve_meta_title_alignment":"","neve_meta_author_avatar":"","neve_post_elements_order":"","neve_meta_disable_header":"","neve_meta_disable_footer":"","neve_meta_disable_title":"","footnotes":""},"yoast_head":"<!-- This site is optimized with the Yoast SEO Premium plugin v18.7 (Yoast SEO v23.3) - https:\/\/yoast.com\/wordpress\/plugins\/seo\/ -->\n<title>Sobre - Top200Apps<\/title>\n<meta name=\"robots\" content=\"index, follow, max-snippet:-1, max-image-preview:large, max-video-preview:-1\" \/>\n<link rel=\"canonical\" href=\"https:\/\/top200apps.com\/es\/about\/\" \/>\n<meta property=\"og:locale\" content=\"es_MX\" \/>\n<meta property=\"og:type\" content=\"article\" \/>\n<meta property=\"og:title\" content=\"Sobre\" \/>\n<meta property=\"og:description\" content=\"No Top200Apps , acreditamos que navegar no mundo dos aplicativos e ferramentas digitais deve ser algo simples, informado e transformador. Nossa plataforma serve como uma fonte confi\u00e1vel para descobrir aplicativos m\u00f3veis, entender tend\u00eancias tecnol\u00f3gicas emergentes e explorar como as solu\u00e7\u00f5es digitais podem melhorar a vida cotidiana. Se voc\u00ea est\u00e1 em busca do pr\u00f3ximo app de&hellip;&nbsp;Read More &raquo;Sobre\" \/>\n<meta property=\"og:url\" content=\"https:\/\/top200apps.com\/es\/about\/\" \/>\n<meta property=\"og:site_name\" content=\"Top200Apps\" \/>\n<meta property=\"article:modified_time\" content=\"2026-02-05T15:16:58+00:00\" \/>\n<meta name=\"twitter:card\" content=\"summary_large_image\" \/>\n<meta name=\"twitter:label1\" content=\"Est. reading time\" \/>\n\t<meta name=\"twitter:data1\" content=\"4 minutos\" \/>\n<script type=\"application\/ld+json\" class=\"yoast-schema-graph\">{\"@context\":\"https:\/\/schema.org\",\"@graph\":[{\"@type\":\"WebPage\",\"@id\":\"https:\/\/top200apps.com\/about\/\",\"url\":\"https:\/\/top200apps.com\/about\/\",\"name\":\"Sobre - Top200Apps\",\"isPartOf\":{\"@id\":\"https:\/\/top200apps.com\/#website\"},\"datePublished\":\"2024-05-24T03:59:06+00:00\",\"dateModified\":\"2026-02-05T15:16:58+00:00\",\"breadcrumb\":{\"@id\":\"https:\/\/top200apps.com\/about\/#breadcrumb\"},\"inLanguage\":\"es-MX\",\"potentialAction\":[{\"@type\":\"ReadAction\",\"target\":[\"https:\/\/top200apps.com\/about\/\"]}]},{\"@type\":\"BreadcrumbList\",\"@id\":\"https:\/\/top200apps.com\/about\/#breadcrumb\",\"itemListElement\":[{\"@type\":\"ListItem\",\"position\":1,\"name\":\"Home\",\"item\":\"https:\/\/top200apps.com\/\"},{\"@type\":\"ListItem\",\"position\":2,\"name\":\"Sobre\"}]},{\"@type\":\"WebSite\",\"@id\":\"https:\/\/top200apps.com\/#website\",\"url\":\"https:\/\/top200apps.com\/\",\"name\":\"Top200Apps\",\"description\":\"Seu guia dos melhores apps!\",\"potentialAction\":[{\"@type\":\"SearchAction\",\"target\":{\"@type\":\"EntryPoint\",\"urlTemplate\":\"https:\/\/top200apps.com\/?s={search_term_string}\"},\"query-input\":\"required name=search_term_string\"}],\"inLanguage\":\"es-MX\"}]}<\/script>\n<!-- \/ Yoast SEO Premium plugin. -->","yoast_head_json":{"title":"Sobre - Top200Apps","robots":{"index":"index","follow":"follow","max-snippet":"max-snippet:-1","max-image-preview":"max-image-preview:large","max-video-preview":"max-video-preview:-1"},"canonical":"https:\/\/top200apps.com\/es\/about\/","og_locale":"es_MX","og_type":"article","og_title":"Sobre","og_description":"No Top200Apps , acreditamos que navegar no mundo dos aplicativos e ferramentas digitais deve ser algo simples, informado e transformador. Nossa plataforma serve como uma fonte confi\u00e1vel para descobrir aplicativos m\u00f3veis, entender tend\u00eancias tecnol\u00f3gicas emergentes e explorar como as solu\u00e7\u00f5es digitais podem melhorar a vida cotidiana. Se voc\u00ea est\u00e1 em busca do pr\u00f3ximo app de&hellip;&nbsp;Read More &raquo;Sobre","og_url":"https:\/\/top200apps.com\/es\/about\/","og_site_name":"Top200Apps","article_modified_time":"2026-02-05T15:16:58+00:00","twitter_card":"summary_large_image","twitter_misc":{"Est. reading time":"4 minutos"},"schema":{"@context":"https:\/\/schema.org","@graph":[{"@type":"WebPage","@id":"https:\/\/top200apps.com\/about\/","url":"https:\/\/top200apps.com\/about\/","name":"Sobre - Top200Apps","isPartOf":{"@id":"https:\/\/top200apps.com\/#website"},"datePublished":"2024-05-24T03:59:06+00:00","dateModified":"2026-02-05T15:16:58+00:00","breadcrumb":{"@id":"https:\/\/top200apps.com\/about\/#breadcrumb"},"inLanguage":"es-MX","potentialAction":[{"@type":"ReadAction","target":["https:\/\/top200apps.com\/about\/"]}]},{"@type":"BreadcrumbList","@id":"https:\/\/top200apps.com\/about\/#breadcrumb","itemListElement":[{"@type":"ListItem","position":1,"name":"Home","item":"https:\/\/top200apps.com\/"},{"@type":"ListItem","position":2,"name":"Sobre"}]},{"@type":"WebSite","@id":"https:\/\/top200apps.com\/#website","url":"https:\/\/top200apps.com\/","name":"Top200Apps","description":"Seu guia dos melhores apps!","potentialAction":[{"@type":"SearchAction","target":{"@type":"EntryPoint","urlTemplate":"https:\/\/top200apps.com\/?s={search_term_string}"},"query-input":"required name=search_term_string"}],"inLanguage":"es-MX"}]}},"_links":{"self":[{"href":"https:\/\/top200apps.com\/es\/wp-json\/wp\/v2\/pages\/96"}],"collection":[{"href":"https:\/\/top200apps.com\/es\/wp-json\/wp\/v2\/pages"}],"about":[{"href":"https:\/\/top200apps.com\/es\/wp-json\/wp\/v2\/types\/page"}],"author":[{"embeddable":true,"href":"https:\/\/top200apps.com\/es\/wp-json\/wp\/v2\/users\/26"}],"replies":[{"embeddable":true,"href":"https:\/\/top200apps.com\/es\/wp-json\/wp\/v2\/comments?post=96"}],"version-history":[{"count":5,"href":"https:\/\/top200apps.com\/es\/wp-json\/wp\/v2\/pages\/96\/revisions"}],"predecessor-version":[{"id":6401,"href":"https:\/\/top200apps.com\/es\/wp-json\/wp\/v2\/pages\/96\/revisions\/6401"}],"wp:attachment":[{"href":"https:\/\/top200apps.com\/es\/wp-json\/wp\/v2\/media?parent=96"}],"curies":[{"name":"wp","href":"https:\/\/api.w.org\/{rel}","templated":true}]}}